{"id":901,"date":"2021-09-16T17:01:54","date_gmt":"2021-09-16T14:01:54","guid":{"rendered":"https:\/\/abctimber.com\/?page_id=901"},"modified":"2021-12-14T14:03:02","modified_gmt":"2021-12-14T12:03:02","slug":"kontakty-backup","status":"publish","type":"page","link":"https:\/\/abctimber.com\/ru\/kontakty-backup\/","title":{"rendered":"\u041a\u043e\u043d\u0442\u0430\u043a\u0442\u044b-backup"},"content":{"rendered":"<h2>Jaunme\u0137e\u013ci, SIA<\/h2>\n<p><span style=\"text-decoration: underline;\">E-pasts:<\/span> <a href=\"&#109;&#x61;&#105;&#x6c;&#116;&#x6f;&#58;&#x61;b&#x63;&#64;&#x61;b&#x63;t&#105;&#x6d;&#98;&#x65;&#114;&#x2e;&#99;&#x6f;&#109;\">&#x61;&#98;c&#x40;&#x61;&#98;c&#x74;&#x69;&#109;b&#x65;&#x72;&#46;c&#x6f;&#x6d;<\/a><br \/>\n<span style=\"text-decoration: underline;\">T\u0101lr. nr.:<\/span> <a href=\"tel:+37120402888\">+37120402888<\/a><br \/>\n<span style=\"text-decoration: underline;\">Adrese:<\/span> C\u0113su novads , Dz\u0113rbenes pagasts . \u201cJaunme\u0137e\u013ci\u201c LV-4118<br \/>\n<span style=\"text-decoration: underline;\">Re\u0123istr\u0101cijas Nr.:<\/span> 44103075512<br \/>\n<span style=\"text-decoration: underline;\">Banka:<\/span> A\/S Swedbanka<br \/>\n<span style=\"text-decoration: underline;\">SWIFT:<\/span> HABALV22<br \/>\n<span style=\"text-decoration: underline;\">Konta Nr.:<\/span> LV47HABA0551035186309<\/p>\n","protected":false},"excerpt":{"rendered":"<p>Jaunme\u0137e\u013ci, SIA E-pasts: &#97;&#x62;&#99;&#x40;a&#x62;c&#116;&#x69;&#109;&#x62;e&#x72;&#46;&#99;&#x6f;&#109; T\u0101lr. nr.: +37120402888 Adrese: C\u0113su novads , Dz\u0113rbenes pagasts . \u201cJaunme\u0137e\u013ci\u201c LV-4118 Re\u0123istr\u0101cijas Nr.: 44103075512 Banka: A\/S Swedbanka SWIFT: HABALV22 Konta Nr.: LV47HABA0551035186309<\/p>\n","protected":false},"author":1,"featured_media":0,"parent":0,"menu_order":56,"comment_status":"closed","ping_status":"closed","template":"page-templates\/contact-us.php","meta":{"footnotes":""},"acf":[],"aioseo_notices":[],"_links":{"self":[{"href":"https:\/\/abctimber.com\/ru\/wp-json\/wp\/v2\/pages\/901"}],"collection":[{"href":"https:\/\/abctimber.com\/ru\/wp-json\/wp\/v2\/pages"}],"about":[{"href":"https:\/\/abctimber.com\/ru\/wp-json\/wp\/v2\/types\/page"}],"author":[{"embeddable":true,"href":"https:\/\/abctimber.com\/ru\/wp-json\/wp\/v2\/users\/1"}],"replies":[{"embeddable":true,"href":"https:\/\/abctimber.com\/ru\/wp-json\/wp\/v2\/comments?post=901"}],"version-history":[{"count":1,"href":"https:\/\/abctimber.com\/ru\/wp-json\/wp\/v2\/pages\/901\/revisions"}],"predecessor-version":[{"id":904,"href":"https:\/\/abctimber.com\/ru\/wp-json\/wp\/v2\/pages\/901\/revisions\/904"}],"wp:attachment":[{"href":"https:\/\/abctimber.com\/ru\/wp-json\/wp\/v2\/media?parent=901"}],"curies":[{"name":"wp","href":"https:\/\/api.w.org\/{rel}","templated":true}]}}