{"id":3074,"date":"2021-08-09T13:44:02","date_gmt":"2021-08-09T10:44:02","guid":{"rendered":"https:\/\/abctimber.com\/sikdatnu-un-privatuma-politika\/"},"modified":"2022-04-11T12:16:12","modified_gmt":"2022-04-11T09:16:12","slug":"obrabotka-lichnykh-dannykh","status":"publish","type":"page","link":"https:\/\/abctimber.com\/ru\/obrabotka-lichnykh-dannykh\/","title":{"rendered":"\u041e\u0431\u0440\u0430\u0431\u043e\u0442\u043a\u0430 \u043b\u0438\u0447\u043d\u044b\u0445 \u0434\u0430\u043d\u043d\u044b\u0445"},"content":{"rendered":"<p>SIA Jaunme\u0137e\u013ci ciena t\u0101 lietot\u0101jus un ap\u0146emas piln\u012bb\u0101 aizsarg\u0101t lietot\u0101ju personas datus. \u0160aj\u0101 priv\u0101tuma politik\u0101 m\u0113s izskaidrojam, k\u0101 m\u0113s apstr\u0101d\u0101jam personisku inform\u0101ciju par jums, tostarp personas datus, sniedzot m\u0101jaslapas abctimber.com un ar koksnes tirdzniec\u012bbu saist\u012btos pakalpojumus, k\u0101 m\u0113s to izmantojam un k\u0101 j\u016bs varat sazin\u0101ties ar mums attiec\u012bb\u0101 uz j\u016bsu datu izmanto\u0161anu.<\/p>\n<p>J\u016bsu personas datu p\u0101rzinis ir SIA Jaunme\u0137e\u013ci, re\u0123istr\u0101cijas numurs 44103075512, kurai ir iesniegti j\u016bsu personas dati, pamatojoties uz l\u012bgumisk\u0101m vai pirmsl\u012bgumisk\u0101m attiec\u012bb\u0101m, vai ar\u012b kuras Pakalpojumus j\u016bs izmantojat vai pl\u0101nojat izmantot.<\/p>\n<p>Piek\u013c\u016bstot vai izmantojot \u0161o m\u0101jaslapu vai jebkuru no m\u016bsu Pakalpojumiem, j\u016bs piekr\u012btat \u0161iem priv\u0101tuma noteikumiem un citiem m\u016bsu m\u0101jaslap\u0101 public\u0113tajiem noteikumiem. Ja j\u016bs nepiekr\u012btat \u0161iem noteikumiem, jums j\u0101pamet \u0161\u012b m\u0101jaslapa un j\u0101p\u0101rtrauc izmantot visi m\u016bsu Pakalpojumi.<\/p>\n<h2>1. K\u0100 M\u0112S APKOPOJAM INFORM\u0100CIJU PAR JUMS?<\/h2>\n<p>Lai likum\u012bgi izmantotu j\u016bsu personisko inform\u0101ciju saska\u0146\u0101 ar ES visp\u0101r\u0113j\u0101 datu aizsardz\u012bbas regulas (GDPR) pras\u012bb\u0101m, m\u0113s pa\u013caujamies uz vienu vai vair\u0101kiem \u0161\u0101diem juridiskajiem pamatiem: Piekri\u0161ana, L\u012bgumiska nepiecie\u0161am\u012bba, Juridiskas saist\u012bbas, le\u0123it\u012bm\u0101s intereses. P\u0101rl\u016bkojot m\u016bsu vietni https:\/\/abctimber.com, m\u0113s varam l\u016bgt personisku inform\u0101ciju, piem\u0113ram, <strong>j\u016bsu v\u0101rdu, telefona numuru un e-pasta<\/strong> <strong>adresi<\/strong>. M\u0113s varam ar\u012b apkopot inform\u0101ciju par jums, kad atrodaties internet\u0101, piem\u0113ram, par vietni, no kuras esat n\u0101cis, IP adresi, dom\u0113na vai p\u0101rl\u016bka tipu, valsti, kur\u0101 atrodas j\u016bsu interneta pakalpojumu sniedz\u0113js, m\u016bsu vietnes saturs, ko apskat\u012bj\u0101t sav\u0101 apmekl\u0113jum\u0101, k\u0101 ar\u012b j\u016bsu izmantotie mekl\u0113\u0161anas vienumi.<\/p>\n<p>abctimber.com m\u0101jaslap\u0101 tiek izmantotas ar\u012b s\u012bkdatnes jeb cookies. S\u012bkdatnes ir teksta gabals, kuru serveris ievieto j\u016bsu ier\u012bc\u0113, kad apmekl\u0113jat m\u016bsu vietni.<strong> S\u012bkdatne person\u012bgi neidentific\u0113s m\u016bsu vietnes apmekl\u0113t\u0101ju &#8212; t\u0101 veido anonimiz\u0113tus datu kopu, kas pal\u012bdz mums ieg\u016bt inform\u0101ciju par vietnes apmekl\u0113jumu, satura kvalit\u0101ti u.c. inform\u0101ciju, kas var pal\u012bdz\u0113t mums uzlabot vietnes darb\u012bbu un j\u016bsu lietot\u0101ja pieredzi.<\/strong><\/p>\n<h2>2. K\u0100 M\u0112S IZMANTOJAM J\u016aSU PERSONISKO INFORM\u0100CIJU?<\/h2>\n<p>M\u0113s nopietni uztveram j\u016bsu priv\u0101tumu, un m\u0113s j\u016bsu person\u012bgo inform\u0101ciju izmantosim tikai j\u016bsu konta administr\u0113\u0161anai saska\u0146\u0101 ar m\u016bsu l\u012bgumsaist\u012bb\u0101m un t\u0101du produktu un pakalpojumu snieg\u0161anai, kurus j\u016bs mums esat piepras\u012bjis. M\u0113s izmantosim j\u016bsu personiskos datus, lai:<\/p>\n<ol>\n<li>Apstr\u0101d\u0101tu un nos\u016bt\u012btu pas\u016bt\u012bjumus, kas sa\u0146emti e-past\u0101 vai pa t\u0101lruni.<\/li>\n<li>Atbild\u0113tu uz klientu apkalpo\u0161anas jaut\u0101jumiem.<\/li>\n<li>Izveidotu un uztur\u0113tu j\u016bsu abctimber.com lietot\u0101ja kontu.<\/li>\n<li>Inform\u0113t j\u016bs par pas\u016bt\u012bjumu statusu.<\/li>\n<li>Izrakst\u012bt r\u0113\u0137inus.<\/li>\n<\/ol>\n<p>Viet\u0101s, kur m\u0113s esam sa\u0146\u0113mu\u0161i j\u016bsu piekri\u0161anu, m\u0113s j\u016bs inform\u0113sim par rekl\u0101mas pied\u0101v\u0101jumiem, jaun\u0101m prece&#8217;m un pakalpojumiem, k\u0101 ar\u012b nozares jaunumiem, kas, m\u016bsupr\u0101t, var\u0113tu j\u016bs interes\u0113t.<\/p>\n<h2>3. DATU APSTR\u0100DES JURIDISKAIS PAMATS<\/h2>\n<p>3.1. SIA Jaunme\u0137e\u013ci v\u0101c un apstr\u0101d\u0101 j\u016bsu personas datus tikai saska\u0146\u0101 ar piem\u0113rojamajiem personas datu apstr\u0101des ties\u012bbu aktiem un tikai, ja mums tam ir juridisks pamats. Apstr\u0101des juridiskais pamats var at\u0161\u0137irties atkar\u012bb\u0101 no specifiskas datu grupas un t\u0101s apstr\u0101des nol\u016bkiem. Iev\u0113rojiet, ka m\u0113s varam apstr\u0101d\u0101t vienus un tos pa\u0161us personas datus vair\u0101kiem nol\u016bkiem vienlaic\u012bgi un t\u0101d\u0113j\u0101di tiem tiks piem\u0113rots vair\u0101k nek\u0101 viens juridiskais pamats.<\/p>\n<p>3.1.1. L\u012bgums. Kopum\u0101 j\u016bsu personas datu apstr\u0101des juridiskais pamats ir l\u012bgumattiec\u012bbas starp jums k\u0101 Pirc\u0113ju un SIA Jaunme\u0137e\u013ci, jo mums nepiecie\u0161ama noteikta inform\u0101cija, lai nosl\u0113gtu l\u012bgumu un pild\u012btu pien\u0101kumus, kas izriet no \u0161\u012b l\u012bguma.<\/p>\n<p>3.1.2. Juridiskie pien\u0101kumi. Atsevi\u0161\u0137os gad\u012bjumos SIA Jaunme\u0137e\u013ci apstr\u0101d\u0101 personas datus juridisku pien\u0101kumu d\u0113\u013c, kas mums uzlikti atbilsto\u0161i piem\u0113rojamajiem ties\u012bbu aktiem, piem\u0113ram, finan\u0161u un nodok\u013cu deklar\u0101ciju sagatavo\u0161anas pien\u0101kumi vai, ja mums ir j\u0101piedal\u0101s juridisk\u0101 proces\u0101.<\/p>\n<p>3.1.3. Le\u0123it\u012bm\u0101s intereses. J\u016bsu personas datu apstr\u0101de nepiecie\u0161ama SIA Jaunme\u0137e\u013ci le\u0123it\u012bmo intere\u0161u vai tre\u0161o personu le\u0123it\u012bmo intere\u0161u \u012bsteno\u0161anai, vienm\u0113r nodro\u0161inot, ka \u0161\u0101da apstr\u0101de nep\u0101rk\u0101pj j\u016bsu ties\u012bbas un br\u012bv\u012bbas. Piem\u0113ram, m\u0113s varam apstr\u0101d\u0101t j\u016bsu datus m\u0101rketinga nol\u016bkos, \u0146emot v\u0113r\u0101 m\u016bsu le\u0123it\u012bmo interesi att\u012bst\u012bt un uzlabot m\u016bsu uz\u0146\u0113m\u0113jdarb\u012bbu. M\u016bsu le\u0123it\u012bm\u0101s intereses ietver Pre\u010du tirdzniec\u012bbu un Pakalpojumu snieg\u0161anu, lai iev\u0113rotu m\u016bsu lietot\u0101ju vajadz\u012bbas, reklam\u0113\u0161anu, lai padar\u012btu m\u016bsu Preces un Pakalpojumus br\u012bvi pieejamu lietot\u0101jiem, kr\u0101p\u0161anas, \u013caunpr\u0101t\u012bgas izmanto\u0161anas nov\u0113r\u0161anu, k\u0101 ar\u012b pien\u0101kumu izpildi pret m\u016bsu partneriem, juridisku pras\u012bbu \u012bsteno\u0161anu utt.<\/p>\n<p>3.1.4. Piekri\u0161ana. Kad j\u016bs piekr\u012btat abon\u0113t m\u016bsu jaunumu inform\u0101ciju, m\u0113s, balstoties uz j\u016bsu piekri\u0161anu, nos\u016bt\u012bsim jums informat\u012bvus materi\u0101lus, piem\u0113ram, jaunumus, rekl\u0101mas un citu inform\u0101ciju. J\u016bs varat jebkur\u0101 laik\u0101 atteikties sa\u0146emt iepriek\u0161 min\u0113to inform\u0101ciju, izmantojot e-past\u0101 ietverto atrakst\u012b\u0161an\u0101s saiti vai sazinoties ar mums.<\/p>\n<h2>4. APSTR\u0100DES ILGUMS UN DATU GLAB\u0100\u0160ANA<\/h2>\n<p>SIA Jaunme\u0137e\u013ci apstr\u0101d\u0101s min\u0113tos datus tik ilgi, kam\u0113r past\u0101v\u0113s k\u0101ds no iepriek\u0161 min\u0113tajiem personas datu apstr\u0101des juridiskajiem pamatiem. P\u0113c \u0161\u012b pamata izbeig\u0161an\u0101s SIA ABC Timber izdz\u0113s\u012bs j\u016bsu datus.<\/p>\n<h2>5. PERSON\u012aGAS INFORM\u0100CIJAS NODO\u0160ANA TRE\u0160AJ\u0100M PUS\u0112M<\/h2>\n<p>5.1. Lai nodro\u0161in\u0101t jums Pre\u010du un Pakalpojumu pieejam\u012bbu, m\u0113s sadarbojamies ar tre\u0161aj\u0101m person\u0101m, ar kur\u0101m m\u0113s varam kop\u012bgot personas datus \u0161o pakalpojumu atbalstam. J\u016bsu personas dati var tikt nodoti tre\u0161aj\u0101m person\u0101m (apstr\u0101d\u0101t\u0101jiem), kas mums nodro\u0161ina hostinga un servera izvieto\u0161anas pakalpojumus, sazi\u0146as un satura pieg\u0101des t\u012bklus, datu un kiberdro\u0161\u012bbas pakalpojumus, r\u0113\u0137inu izrakst\u012b\u0161anas un maks\u0101jumu apstr\u0101des pakalpojumus, kr\u0101pniec\u012bbas atkl\u0101\u0161anas un nov\u0113r\u0161anas pakalpojumus, t\u012bmek\u013ca anal\u012bzi, e-pastu izplat\u012b\u0161anas un p\u0101rraudz\u012bbas pakalpojumus, sesijas ierakst\u012b\u0161anas pakalpojumus, m\u0101rketinga pakalpojumus, IT, juridiskos un finan\u0161u pakalpojumus, un citiem, kuriem t\u0101 pamatoti nepiecie\u0161ama (\u201cTre\u0161\u0101s personas pakalpojumu sniedz\u0113ji\u201d).<\/p>\n<p>5.2. Tre\u0161\u0101s personas pakalpojumu sniedz\u0113ji sa\u0146em tikai minim\u0101lu apjomu personas datu, kas tiem nepiecie\u0161ami, lai sniegtu mums piepras\u012bto pakalpojumu. SIA Jaunme\u0137e\u013ci nodro\u0161ina, ka tas izmanto tikai t\u0101dus apstr\u0101d\u0101t\u0101jus, kas atbilst t\u0101diem pa\u0161iem datu aizsardz\u012bbas pien\u0101kumiem, kas min\u0113ti \u0161ajos priv\u0101tuma noteikumos.<\/p>\n<p>5.3. Atsevi\u0161\u0137\u0101s situ\u0101cij\u0101s mums ir juridisks pien\u0101kums nodot j\u016bsu inform\u0101ciju tre\u0161aj\u0101m person\u0101m, ja to nosaka ties\u012bbu akti vai kad inform\u0101ciju pieprasa valsts iest\u0101des.<\/p>\n<p>5.4. SIA ABC Timber apstr\u0101d\u0101tie personas dati var tikt nos\u016bt\u012bti Tre\u0161o personu pakalpojumu sniedz\u0113jiem, kas atrodas \u0101rpus Eiropas Savien\u012bbas. \u0160\u0101d\u0101 gad\u012bjum\u0101 SIA Jaunme\u0137e\u013ci nos\u016bt\u012bs personas datus tikai t\u0101diem sa\u0146\u0113m\u0113jiem, kas nodro\u0161ina atbilst\u012bbu datu apstr\u0101des un aizsardz\u012bbas pras\u012bb\u0101m un kas sp\u0113j nodro\u0161in\u0101t pietiekamu aizsardz\u012bbas l\u012bmeni vai ir sniegu\u0161i atbilsto\u0161as garantijas.<\/p>\n<h2>6. J\u016aSU TIES\u012aBAS<\/h2>\n<p>6.1. Jums ir ties\u012bbas piepras\u012bt piek\u013cuvi j\u016bsu personas datiem un labot tos, veikt groz\u012bjumus, dz\u0113st, nodot vai ierobe\u017eot j\u016bsu personas datu izmanto\u0161anu, ties\u012bbas iebilst pret apstr\u0101di, k\u0101 ar\u012b ties\u012bbas uz datu p\u0101rnesam\u012bbu, sazinoties ar mums, izmantojot zem\u0101k nor\u0101d\u012bto kontaktinform\u0101ciju. Pirms sniedzam jums inform\u0101ciju mums var b\u016bt nepiecie\u0161am\u012bba p\u0101rliecin\u0101ties par j\u016bsu identit\u0101ti, t\u0101d\u0113\u013c varam l\u016bgt j\u016bs iesniegt papildu inform\u0101ciju.<\/p>\n<p>6.2. Ja j\u016bs uzskat\u0101t, ka m\u0113s esam nelikum\u012bgi apstr\u0101d\u0101ju\u0161i j\u016bsu personas datus, jums ir ties\u012bbas iesniegt s\u016bdz\u012bbu, izmantojot turpm\u0101k sniegto kontaktinform\u0101ciju, vai j\u016bsu attiec\u012bgajai datu aizsardz\u012bbas uzraudz\u012bbas iest\u0101dei.<\/p>\n<p>6.3. Personas datu snieg\u0161ana ir priek\u0161noteikums pakalpojumu sa\u0146em\u0161anai un l\u012bguma nosl\u0113g\u0161anai ar mums.<\/p>\n<h2>7. PRIV\u0100TUMA NOTEIKUMU IZMAI\u0145AS<\/h2>\n<p>7.1. SIA Jaunme\u0137e\u013ci ir ties\u012bbas laiku pa laikam ieviest groz\u012bjumus \u0161ajos priv\u0101tuma noteikumos, piem\u0113ram, ja m\u0113s ievie\u0161am jaunus pakalpojumus vai funkcijas. \u0160o priv\u0101tuma noteikumu groz\u012bjumi st\u0101jas sp\u0113k\u0101 un tiek piem\u0113roti no br\u012b\u017ea, kad tie ir aug\u0161upiel\u0101d\u0113ti \u0161aj\u0101 lap\u0101.<\/p>\n<p>7.2. M\u0113s aicin\u0101m j\u016bs laiku pa laikam p\u0101rbaud\u012bt \u0161o lapu. Turpinot lietot m\u016bsu Pakalpojumu vai cit\u0101di sniedzot mums j\u016bsu personas datus, p\u0113c tam, kad \u0161o noteikumu groz\u012bjumi ir st\u0101ju\u0161ies sp\u0113k\u0101, j\u016bs piekr\u012btat atjaunin\u0101tajiem priv\u0101tuma noteikumiem.<\/p>\n<h2>8. KONTAKTINFORM\u0100CIJA<\/h2>\n<p>Ja jums radu\u0161ies jaut\u0101jumi par \u0161iem priv\u0101tuma noteikumiem vai m\u016bsu datu apstr\u0101des procesu, vai ja j\u016bs v\u0113laties \u012bstenot jebkuras j\u016bsu k\u0101 datu subjekta ties\u012bbas attiec\u012bb\u0101 uz j\u016bsu personas datiem, l\u016bdzu, sazinieties ar mums, izmantojot turpm\u0101k sniegto kontaktinform\u0101ciju:<\/p>\n<p><strong>Jaunme\u0137e\u013ci, SIA<\/strong><\/p>\n<p>E-pasts: <a href=\"&#109;&#x61;&#105;&#x6c;&#116;&#x6f;&#58;&#x61;&#98;&#x63;&#64;&#x61;b&#x63;t&#x69;m&#x62;e&#x72;&#46;&#x63;o&#109;\">ab&#99;&#64;&#97;&#98;&#x63;&#x74;&#x69;&#x6d;&#x62;er&#46;&#99;&#111;&#109;<\/a><br \/>\nT\u0101lr. nr.: <a href=\"tel:+37120402888\">+37120402888<\/a><br \/>\nAdrese: C\u0113su novads , Dz\u0113rbenes pagasts . \u201cJaunme\u0137e\u013ci\u201c LV-4118<br \/>\nRe\u0123istr\u0101cijas Nr.: 44103075512<br \/>\nBanka: A\/S Swedbanka<br \/>\nSWIFT: HABALV22<br \/>\nKonta Nr.: LV47HABA0551035186309<br \/>\ni&#110;&#x66;&#x6f;&#x40;a&#98;&#x63;&#x74;&#x69;m&#98;&#x65;&#x72;&#x2e;c&#111;&#x6d;<\/p>\n","protected":false},"excerpt":{"rendered":"<p>SIA Jaunme\u0137e\u013ci ciena t\u0101 lietot\u0101jus un ap\u0146emas piln\u012bb\u0101 aizsarg\u0101t lietot\u0101ju personas datus. \u0160aj\u0101 priv\u0101tuma politik\u0101 m\u0113s izskaidrojam, k\u0101 m\u0113s apstr\u0101d\u0101jam personisku inform\u0101ciju par jums, tostarp personas datus, sniedzot m\u0101jaslapas abctimber.com un ar koksnes tirdzniec\u012bbu saist\u012btos pakalpojumus, k\u0101 m\u0113s to izmantojam un k\u0101 j\u016bs varat sazin\u0101ties ar mums attiec\u012bb\u0101 uz j\u016bsu datu izmanto\u0161anu. J\u016bsu personas datu&#8230;<\/p>\n","protected":false},"author":1,"featured_media":0,"parent":0,"menu_order":0,"comment_status":"closed","ping_status":"closed","template":"","meta":{"footnotes":""},"acf":[],"aioseo_notices":[],"_links":{"self":[{"href":"https:\/\/abctimber.com\/ru\/wp-json\/wp\/v2\/pages\/3074"}],"collection":[{"href":"https:\/\/abctimber.com\/ru\/wp-json\/wp\/v2\/pages"}],"about":[{"href":"https:\/\/abctimber.com\/ru\/wp-json\/wp\/v2\/types\/page"}],"author":[{"embeddable":true,"href":"https:\/\/abctimber.com\/ru\/wp-json\/wp\/v2\/users\/1"}],"replies":[{"embeddable":true,"href":"https:\/\/abctimber.com\/ru\/wp-json\/wp\/v2\/comments?post=3074"}],"version-history":[{"count":0,"href":"https:\/\/abctimber.com\/ru\/wp-json\/wp\/v2\/pages\/3074\/revisions"}],"wp:attachment":[{"href":"https:\/\/abctimber.com\/ru\/wp-json\/wp\/v2\/media?parent=3074"}],"curies":[{"name":"wp","href":"https:\/\/api.w.org\/{rel}","templated":true}]}}